{"id":97,"date":"2025-01-05T22:33:11","date_gmt":"2025-01-05T21:33:11","guid":{"rendered":"https:\/\/samonieslychane.com\/?page_id=97"},"modified":"2025-01-17T18:33:27","modified_gmt":"2025-01-17T17:33:27","slug":"samo-nieslychane","status":"publish","type":"page","link":"https:\/\/samonieslychane.com\/","title":{"rendered":"SAMO NIES\u0141YCHANE"},"content":{"rendered":"\t\t<div data-elementor-type=\"wp-page\" data-elementor-id=\"97\" class=\"elementor elementor-97\">\n\t\t\t\t<div class=\"elementor-element elementor-element-d8e40b6 e-con-full e-flex e-con e-parent\" data-id=\"d8e40b6\" data-element_type=\"container\">\n\t\t\t\t<div class=\"elementor-element elementor-element-67c30cd elementor-widget elementor-widget-text-editor\" data-id=\"67c30cd\" data-element_type=\"widget\" data-widget_type=\"text-editor.default\">\n\t\t\t\t<div class=\"elementor-widget-container\">\n\t\t\t\t\t\t\t\t\t<p>Witam w \u015bwiecie d\u017awi\u0119k\u00f3w i opowie\u015bci.<\/p><p>Jest bogaty, fascynuj\u0105cy i bardzo wci\u0105gaj\u0105cy. Dlatego chc\u0119 go budowa\u0107 i si\u0119 nim dzieli\u0107.<\/p><p>Potrzebna jest tylko wyobra\u017ania. Ta strona po\u015bwi\u0119cona jest formie s\u0142uchowiska jako dzie\u0142a sztuki audialnej. Takiej, kt\u00f3r\u0105 s\u0142yszymy i pod wp\u0142ywem kt\u00f3rej w naszym umy\u015ble powstaje nowy \u015bwiat.<\/p><p>To jest strona g\u0142\u00f3wna SAMO NIES\u0141YCHANE. Witryna jest podzielona na zak\u0142adki, jak ka\u017cda strona internetowa.<\/p><p>Info o projekcie zabierze Ci\u0119 do podstawowych informacji, co, kto i dlaczego. Projekt s\u0142uchowisko to strona z wpisami na temat poszczeg\u00f3lnych aspekt\u00f3w s\u0142uchowiska radiowego: takich jak definicja s\u0142uchowiska, jego elementy, struktura, sposoby pracy z d\u017awi\u0119kiem i wiele innych. Zak\u0142adka S\u0142ucholab to ma\u0142e laboratorium eksperyment\u00f3w scenariuszowych, miejsce w kt\u00f3rym to praktyka wysuwa si\u0119 na plan pierwszy. Na podstawie kr\u00f3tkiej scenki mo\u017cna prze\u015bledzi\u0107 spos\u00f3b wymy\u015blania \u015bwiata przedstawionego\u00a0 w s\u0142uchowisku. A tak\u017ce zaprojektowa\u0107 jego immersywno\u015b\u0107.<\/p><p>\u00a0<\/p><p>Jest te\u017c zak\u0142adka kontakt, je\u015bli zechcesz do mnie napisa\u0107.<\/p>\t\t\t\t\t\t\t\t<\/div>\n\t\t\t\t<\/div>\n\t\t\t\t<div class=\"elementor-element elementor-element-e321f4c elementor-button-info elementor-widget elementor-widget-button\" data-id=\"e321f4c\" data-element_type=\"widget\" data-widget_type=\"button.default\">\n\t\t\t\t<div class=\"elementor-widget-container\">\n\t\t\t\t\t\t\t\t\t<div class=\"elementor-button-wrapper\">\n\t\t\t\t\t<a class=\"elementor-button elementor-button-link elementor-size-sm\" href=\"https:\/\/samonieslychane.com\/?page_id=67\" target=\"_blank\">\n\t\t\t\t\t\t<span class=\"elementor-button-content-wrapper\">\n\t\t\t\t\t\t<span class=\"elementor-button-icon\">\n\t\t\t\t<svg aria-hidden=\"true\" class=\"e-font-icon-svg e-far-arrow-alt-circle-right\" viewBox=\"0 0 512 512\" xmlns=\"http:\/\/www.w3.org\/2000\/svg\"><path d=\"M504 256C504 119 393 8 256 8S8 119 8 256s111 248 248 248 248-111 248-248zm-448 0c0-110.5 89.5-200 200-200s200 89.5 200 200-89.5 200-200 200S56 366.5 56 256zm72 20v-40c0-6.6 5.4-12 12-12h116v-67c0-10.7 12.9-16 20.5-8.5l99 99c4.7 4.7 4.7 12.3 0 17l-99 99c-7.6 7.6-20.5 2.2-20.5-8.5v-67H140c-6.6 0-12-5.4-12-12z\"><\/path><\/svg>\t\t\t<\/span>\n\t\t\t\t\t\t\t\t\t<span class=\"elementor-button-text\">Info o projekcie<\/span>\n\t\t\t\t\t<\/span>\n\t\t\t\t\t<\/a>\n\t\t\t\t<\/div>\n\t\t\t\t\t\t\t\t<\/div>\n\t\t\t\t<\/div>\n\t\t\t\t<div class=\"elementor-element elementor-element-ac98620 elementor-button-info elementor-widget elementor-widget-button\" data-id=\"ac98620\" data-element_type=\"widget\" data-widget_type=\"button.default\">\n\t\t\t\t<div class=\"elementor-widget-container\">\n\t\t\t\t\t\t\t\t\t<div class=\"elementor-button-wrapper\">\n\t\t\t\t\t<a class=\"elementor-button elementor-button-link elementor-size-sm\" href=\"https:\/\/samonieslychane.com\/?page_id=99\">\n\t\t\t\t\t\t<span class=\"elementor-button-content-wrapper\">\n\t\t\t\t\t\t<span class=\"elementor-button-icon\">\n\t\t\t\t<svg aria-hidden=\"true\" class=\"e-font-icon-svg e-far-arrow-alt-circle-right\" viewBox=\"0 0 512 512\" xmlns=\"http:\/\/www.w3.org\/2000\/svg\"><path d=\"M504 256C504 119 393 8 256 8S8 119 8 256s111 248 248 248 248-111 248-248zm-448 0c0-110.5 89.5-200 200-200s200 89.5 200 200-89.5 200-200 200S56 366.5 56 256zm72 20v-40c0-6.6 5.4-12 12-12h116v-67c0-10.7 12.9-16 20.5-8.5l99 99c4.7 4.7 4.7 12.3 0 17l-99 99c-7.6 7.6-20.5 2.2-20.5-8.5v-67H140c-6.6 0-12-5.4-12-12z\"><\/path><\/svg>\t\t\t<\/span>\n\t\t\t\t\t\t\t\t\t<span class=\"elementor-button-text\">Projekt s\u0142uchowisko<\/span>\n\t\t\t\t\t<\/span>\n\t\t\t\t\t<\/a>\n\t\t\t\t<\/div>\n\t\t\t\t\t\t\t\t<\/div>\n\t\t\t\t<\/div>\n\t\t\t\t<div class=\"elementor-element elementor-element-ca606b1 elementor-button-info elementor-widget elementor-widget-button\" data-id=\"ca606b1\" data-element_type=\"widget\" data-widget_type=\"button.default\">\n\t\t\t\t<div class=\"elementor-widget-container\">\n\t\t\t\t\t\t\t\t\t<div class=\"elementor-button-wrapper\">\n\t\t\t\t\t<a class=\"elementor-button elementor-button-link elementor-size-sm\" href=\"https:\/\/samonieslychane.com\/?page_id=89\">\n\t\t\t\t\t\t<span class=\"elementor-button-content-wrapper\">\n\t\t\t\t\t\t<span class=\"elementor-button-icon\">\n\t\t\t\t<svg aria-hidden=\"true\" class=\"e-font-icon-svg e-far-arrow-alt-circle-right\" viewBox=\"0 0 512 512\" xmlns=\"http:\/\/www.w3.org\/2000\/svg\"><path d=\"M504 256C504 119 393 8 256 8S8 119 8 256s111 248 248 248 248-111 248-248zm-448 0c0-110.5 89.5-200 200-200s200 89.5 200 200-89.5 200-200 200S56 366.5 56 256zm72 20v-40c0-6.6 5.4-12 12-12h116v-67c0-10.7 12.9-16 20.5-8.5l99 99c4.7 4.7 4.7 12.3 0 17l-99 99c-7.6 7.6-20.5 2.2-20.5-8.5v-67H140c-6.6 0-12-5.4-12-12z\"><\/path><\/svg>\t\t\t<\/span>\n\t\t\t\t\t\t\t\t\t<span class=\"elementor-button-text\">S\u0142ucholab<\/span>\n\t\t\t\t\t<\/span>\n\t\t\t\t\t<\/a>\n\t\t\t\t<\/div>\n\t\t\t\t\t\t\t\t<\/div>\n\t\t\t\t<\/div>\n\t\t\t\t<div class=\"elementor-element elementor-element-3c41a9f elementor-button-info elementor-widget elementor-widget-button\" data-id=\"3c41a9f\" data-element_type=\"widget\" data-widget_type=\"button.default\">\n\t\t\t\t<div class=\"elementor-widget-container\">\n\t\t\t\t\t\t\t\t\t<div class=\"elementor-button-wrapper\">\n\t\t\t\t\t<a class=\"elementor-button elementor-button-link elementor-size-sm\" href=\"https:\/\/samonieslychane.com\/?page_id=2\">\n\t\t\t\t\t\t<span class=\"elementor-button-content-wrapper\">\n\t\t\t\t\t\t<span class=\"elementor-button-icon\">\n\t\t\t\t<svg aria-hidden=\"true\" class=\"e-font-icon-svg e-far-arrow-alt-circle-right\" viewBox=\"0 0 512 512\" xmlns=\"http:\/\/www.w3.org\/2000\/svg\"><path d=\"M504 256C504 119 393 8 256 8S8 119 8 256s111 248 248 248 248-111 248-248zm-448 0c0-110.5 89.5-200 200-200s200 89.5 200 200-89.5 200-200 200S56 366.5 56 256zm72 20v-40c0-6.6 5.4-12 12-12h116v-67c0-10.7 12.9-16 20.5-8.5l99 99c4.7 4.7 4.7 12.3 0 17l-99 99c-7.6 7.6-20.5 2.2-20.5-8.5v-67H140c-6.6 0-12-5.4-12-12z\"><\/path><\/svg>\t\t\t<\/span>\n\t\t\t\t\t\t\t\t\t<span class=\"elementor-button-text\">Kontakt<\/span>\n\t\t\t\t\t<\/span>\n\t\t\t\t\t<\/a>\n\t\t\t\t<\/div>\n\t\t\t\t\t\t\t\t<\/div>\n\t\t\t\t<\/div>\n\t\t\t\t<\/div>\n\t\t\t\t<\/div>\n\t\t","protected":false},"excerpt":{"rendered":"<p>Witam w \u015bwiecie d\u017awi\u0119k\u00f3w i opowie\u015bci. Jest bogaty, fascynuj\u0105cy i bardzo wci\u0105gaj\u0105cy. Dlatego chc\u0119 go budowa\u0107 i si\u0119 nim dzieli\u0107. Potrzebna jest tylko wyobra\u017ania. Ta strona po\u015bwi\u0119cona jest formie s\u0142uchowiska jako dzie\u0142a sztuki audialnej. Takiej, kt\u00f3r\u0105 s\u0142yszymy i pod wp\u0142ywem kt\u00f3rej w naszym umy\u015ble powstaje nowy \u015bwiat. To jest strona g\u0142\u00f3wna SAMO NIES\u0141YCHANE. Witryna jest [&hellip;]<\/p>\n","protected":false},"author":1,"featured_media":147,"parent":0,"menu_order":0,"comment_status":"closed","ping_status":"closed","template":"","meta":{"footnotes":""},"class_list":["post-97","page","type-page","status-publish","has-post-thumbnail","hentry"],"_links":{"self":[{"href":"https:\/\/samonieslychane.com\/index.php?rest_route=\/wp\/v2\/pages\/97","targetHints":{"allow":["GET"]}}],"collection":[{"href":"https:\/\/samonieslychane.com\/index.php?rest_route=\/wp\/v2\/pages"}],"about":[{"href":"https:\/\/samonieslychane.com\/index.php?rest_route=\/wp\/v2\/types\/page"}],"author":[{"embeddable":true,"href":"https:\/\/samonieslychane.com\/index.php?rest_route=\/wp\/v2\/users\/1"}],"replies":[{"embeddable":true,"href":"https:\/\/samonieslychane.com\/index.php?rest_route=%2Fwp%2Fv2%2Fcomments&post=97"}],"version-history":[{"count":10,"href":"https:\/\/samonieslychane.com\/index.php?rest_route=\/wp\/v2\/pages\/97\/revisions"}],"predecessor-version":[{"id":225,"href":"https:\/\/samonieslychane.com\/index.php?rest_route=\/wp\/v2\/pages\/97\/revisions\/225"}],"wp:featuredmedia":[{"embeddable":true,"href":"https:\/\/samonieslychane.com\/index.php?rest_route=\/wp\/v2\/media\/147"}],"wp:attachment":[{"href":"https:\/\/samonieslychane.com\/index.php?rest_route=%2Fwp%2Fv2%2Fmedia&parent=97"}],"curies":[{"name":"wp","href":"https:\/\/api.w.org\/{rel}","templated":true}]}}