{"id":67,"date":"2025-01-05T21:13:03","date_gmt":"2025-01-05T20:13:03","guid":{"rendered":"https:\/\/samonieslychane.com\/?page_id=67"},"modified":"2025-01-30T09:27:49","modified_gmt":"2025-01-30T08:27:49","slug":"info-o-projekcie","status":"publish","type":"page","link":"https:\/\/samonieslychane.com\/?page_id=67","title":{"rendered":"INFO O PROJEKCIE"},"content":{"rendered":"\t\t<div data-elementor-type=\"wp-page\" data-elementor-id=\"67\" class=\"elementor elementor-67\">\n\t\t\t\t<div class=\"elementor-element elementor-element-c7ce5ae e-flex e-con-boxed e-con e-parent\" data-id=\"c7ce5ae\" data-element_type=\"container\">\n\t\t\t\t\t<div class=\"e-con-inner\">\n\t\t\t\t<div class=\"elementor-element elementor-element-691dc01 elementor-widget elementor-widget-heading\" data-id=\"691dc01\" data-element_type=\"widget\" data-widget_type=\"heading.default\">\n\t\t\t\t<div class=\"elementor-widget-container\">\n\t\t\t\t\t<h2 class=\"elementor-heading-title elementor-size-default\">SAMO NIES\u0141YCHANE<\/h2>\t\t\t\t<\/div>\n\t\t\t\t<\/div>\n\t\t\t\t\t<\/div>\n\t\t\t\t<\/div>\n\t\t<div class=\"elementor-element elementor-element-1cf2ddf e-flex e-con-boxed e-con e-parent\" data-id=\"1cf2ddf\" data-element_type=\"container\">\n\t\t\t\t\t<div class=\"e-con-inner\">\n\t\t\t\t<div class=\"elementor-element elementor-element-a62e50e elementor-drop-cap-yes elementor-drop-cap-view-default elementor-widget elementor-widget-text-editor\" data-id=\"a62e50e\" data-element_type=\"widget\" data-settings=\"{&quot;drop_cap&quot;:&quot;yes&quot;}\" data-widget_type=\"text-editor.default\">\n\t\t\t\t<div class=\"elementor-widget-container\">\n\t\t\t\t\t\t\t\t\t<p>Samo nies\u0142ychane to projekt, kt\u00f3ry do tej pory rozgrywa\u0142 si\u0119 niejako z ty\u0142u g\u0142owy, troch\u0119 jako \u201epraca w tle\u201d. Dzi\u0119ki Stypendium Tw\u00f3rczemu Miasta Poznania, ca\u0142o\u015b\u0107 nabiera pewnych ram i dostaje rumie\u0144c\u00f3w. Mimo, \u017ce strona \u201eSamo nies\u0142ychane\u201d zostaje opublikowana na koniec trwania stypendium, to tak naprawd\u0119 pocz\u0105tek. Oto mog\u0119 odda\u0107 w Wasze r\u0119ce pewn\u0105 baz\u0119 wiedzy o s\u0142uchowiskach i formach audio, a tak\u017ce rodzaj propozycji tw\u00f3rczej, zaczyn metody. Kierowa\u0142a mn\u0105 ciekawo\u015b\u0107 \u201eco w s\u0142uchowisku siedzi\u201d ale tak\u017ce potrzeba namys\u0142u nad pewnymi, do\u015b\u0107 abstrakcyjnymi poj\u0119ciami, nad kt\u00f3rymi w codziennej pracy lub ferworze \u201e dziania si\u0119\u201d nie ma si\u0119 kiedy zastanowi\u0107. Z czasem, mam nadziej\u0119, strona b\u0119dzie tak\u017ce informowa\u0107 o tw\u00f3rczym \u017cyciu w \u015bwiecie audio i nie tylko.<\/p><p>Strona jest skierowana do os\u00f3b, kt\u00f3re dopiero wchodz\u0105 w \u015bwiat audio i szukaj\u0105 informacji na temat sztuki tworzenia s\u0142uchowisk, kwestii technicznych i istoty rzemios\u0142a. By\u0107 mo\u017ce przyda si\u0119 tak\u017ce osobom, kt\u00f3re s\u0105 ju\u017c do\u015bwiadczone w tworzeniu s\u0142uchowisk i form audialnych. Mo\u017ce stanie si\u0119 miejscem dyskusji o wsp\u00f3\u0142czesnej sztuce audialnej. B\u0119dzie tu g\u0142\u00f3wnie mowa o formie, warsztacie i sposobach tworzenia. Tematy, materia\u0142 literacki, zagadnienia zwi\u0105zane z narracj\u0105, dramaturgi\u0105 i innymi elementami dramatu by\u0107 mo\u017ce z czasem si\u0119 tu pojawi\u0105. W ramach Stypendium Tw\u00f3rczego Miasta Poznania powsta\u0142 projekt po\u015bwi\u0119cony formie s\u0142uchowiska.<\/p><p>Ca\u0142y projekt pomy\u015blany jest jako pr\u00f3ba syntezy r\u00f3\u017cnych tradycji tworzenia s\u0142uchowisk na poziomie scenariusza, czyli szerzej m\u00f3wi\u0105c na poziomie tworzenia projektu, wymy\u015blania go. Mo\u017cna u\u017cy\u0107 metafory budowy i powiedzie\u0107 o dok\u0142adaniu kolejnych cegie\u0142ek, ale s\u0142uchowisko to bardziej wyko\u0144czeni\u00f3wka \u2013 wszystko dzieje si\u0119 \u201ewewn\u0105trz\u201d \u2013 wewn\u0105trz g\u0142owy, w studio, wewn\u0105trz komputera (kiedy\u015b sto\u0142\u00f3w monta\u017cowych) by na sam koniec trafi\u0107 do zupe\u0142nej nowej g\u0142owy lub g\u0142\u00f3w. Wpa\u015b\u0107 przez ucho. A i kolejne, dok\u0142adane elementy maj\u0105 bardzo r\u00f3\u017cn\u0105 budow\u0119 (d\u017awi\u0119ku) i funkcj\u0119. W jednym momencie uk\u0142adamy ceg\u0142y, dodajemy listwy i wieszamy firanki.<\/p><p>Zatem znajdziecie tu podstawowe informacje o \u015bwiecie s\u0142uchowisk, jest te\u017c cz\u0119\u015b\u0107 warsztatowa, po\u015bwi\u0119cona poszukiwaniu immersji w dzie\u0142ach audialnych ju\u017c w momencie wymy\u015blania \u015bwiata (p\u00f3\u017aniej \u015bwiata przedstawionego). <\/p><p>\u00a0<\/p><p>Projekt SAMO NIES\u0141YCHANE wraz z niniejsz\u0105 stron\u0105 internetow\u0105 powsta\u0142 w ramach Stypendium Tw\u00f3rczego Miasta Poznania. Przyznana kwota stypendium to 5000 z\u0142.<\/p>\t\t\t\t\t\t\t\t<\/div>\n\t\t\t\t<\/div>\n\t\t\t\t\t<\/div>\n\t\t\t\t<\/div>\n\t\t<div class=\"elementor-element elementor-element-3f37a52 e-flex e-con-boxed e-con e-parent\" data-id=\"3f37a52\" data-element_type=\"container\">\n\t\t\t\t\t<div class=\"e-con-inner\">\n\t\t\t\t<div class=\"elementor-element elementor-element-ed6ad33 elementor-widget-divider--view-line elementor-widget elementor-widget-divider\" data-id=\"ed6ad33\" data-element_type=\"widget\" data-widget_type=\"divider.default\">\n\t\t\t\t<div class=\"elementor-widget-container\">\n\t\t\t\t\t\t\t<div class=\"elementor-divider\">\n\t\t\t<span class=\"elementor-divider-separator\">\n\t\t\t\t\t\t<\/span>\n\t\t<\/div>\n\t\t\t\t\t\t<\/div>\n\t\t\t\t<\/div>\n\t\t\t\t\t<\/div>\n\t\t\t\t<\/div>\n\t\t<div class=\"elementor-element elementor-element-3b70c94 e-flex e-con-boxed e-con e-parent\" data-id=\"3b70c94\" data-element_type=\"container\">\n\t\t\t\t\t<div class=\"e-con-inner\">\n\t\t<div class=\"elementor-element elementor-element-383abdf e-con-full e-flex e-con e-child\" data-id=\"383abdf\" data-element_type=\"container\">\n\t\t\t\t<div class=\"elementor-element elementor-element-1302815 elementor-widget elementor-widget-image\" data-id=\"1302815\" data-element_type=\"widget\" data-widget_type=\"image.default\">\n\t\t\t\t<div class=\"elementor-widget-container\">\n\t\t\t\t\t\t\t\t\t\t\t\t\t\t\t<img fetchpriority=\"high\" decoding=\"async\" width=\"891\" height=\"379\" src=\"https:\/\/samonieslychane.com\/wp-content\/uploads\/2024\/12\/LOGO_POZnan_RGB_JPEG.jpg\" class=\"attachment-large size-large wp-image-28\" alt=\"\" srcset=\"https:\/\/samonieslychane.com\/wp-content\/uploads\/2024\/12\/LOGO_POZnan_RGB_JPEG.jpg 891w, https:\/\/samonieslychane.com\/wp-content\/uploads\/2024\/12\/LOGO_POZnan_RGB_JPEG-300x128.jpg 300w, https:\/\/samonieslychane.com\/wp-content\/uploads\/2024\/12\/LOGO_POZnan_RGB_JPEG-768x327.jpg 768w\" sizes=\"(max-width: 891px) 100vw, 891px\" \/>\t\t\t\t\t\t\t\t\t\t\t\t\t\t\t<\/div>\n\t\t\t\t<\/div>\n\t\t\t\t<\/div>\n\t\t<div class=\"elementor-element elementor-element-1678b6c e-con-full e-flex e-con e-child\" data-id=\"1678b6c\" data-element_type=\"container\">\n\t\t\t\t<div class=\"elementor-element elementor-element-41d6ba3 elementor-widget elementor-widget-text-editor\" data-id=\"41d6ba3\" data-element_type=\"widget\" data-widget_type=\"text-editor.default\">\n\t\t\t\t<div class=\"elementor-widget-container\">\n\t\t\t\t\t\t\t\t\t<p>Zrealizowano ze \u015brodk\u00f3w Miasta Poznania w ramach Stypendium Tw\u00f3rczego Miasta Poznania<\/p><p>\u00a0<\/p>\t\t\t\t\t\t\t\t<\/div>\n\t\t\t\t<\/div>\n\t\t\t\t<\/div>\n\t\t\t\t\t<\/div>\n\t\t\t\t<\/div>\n\t\t\t\t<\/div>\n\t\t","protected":false},"excerpt":{"rendered":"<p>SAMO NIES\u0141YCHANE Samo nies\u0142ychane to projekt, kt\u00f3ry do tej pory rozgrywa\u0142 si\u0119 niejako z ty\u0142u g\u0142owy, troch\u0119 jako \u201epraca w tle\u201d. Dzi\u0119ki Stypendium Tw\u00f3rczemu Miasta Poznania, ca\u0142o\u015b\u0107 nabiera pewnych ram i dostaje rumie\u0144c\u00f3w. Mimo, \u017ce strona \u201eSamo nies\u0142ychane\u201d zostaje opublikowana na koniec trwania stypendium, to tak naprawd\u0119 pocz\u0105tek. Oto mog\u0119 odda\u0107 w Wasze r\u0119ce pewn\u0105 [&hellip;]<\/p>\n","protected":false},"author":1,"featured_media":0,"parent":0,"menu_order":0,"comment_status":"closed","ping_status":"closed","template":"","meta":{"footnotes":""},"class_list":["post-67","page","type-page","status-publish","hentry"],"_links":{"self":[{"href":"https:\/\/samonieslychane.com\/index.php?rest_route=\/wp\/v2\/pages\/67","targetHints":{"allow":["GET"]}}],"collection":[{"href":"https:\/\/samonieslychane.com\/index.php?rest_route=\/wp\/v2\/pages"}],"about":[{"href":"https:\/\/samonieslychane.com\/index.php?rest_route=\/wp\/v2\/types\/page"}],"author":[{"embeddable":true,"href":"https:\/\/samonieslychane.com\/index.php?rest_route=\/wp\/v2\/users\/1"}],"replies":[{"embeddable":true,"href":"https:\/\/samonieslychane.com\/index.php?rest_route=%2Fwp%2Fv2%2Fcomments&post=67"}],"version-history":[{"count":16,"href":"https:\/\/samonieslychane.com\/index.php?rest_route=\/wp\/v2\/pages\/67\/revisions"}],"predecessor-version":[{"id":232,"href":"https:\/\/samonieslychane.com\/index.php?rest_route=\/wp\/v2\/pages\/67\/revisions\/232"}],"wp:attachment":[{"href":"https:\/\/samonieslychane.com\/index.php?rest_route=%2Fwp%2Fv2%2Fmedia&parent=67"}],"curies":[{"name":"wp","href":"https:\/\/api.w.org\/{rel}","templated":true}]}}