{"id":2,"date":"2024-12-23T16:27:17","date_gmt":"2024-12-23T15:27:17","guid":{"rendered":"http:\/\/samonieslychane.com\/?page_id=2"},"modified":"2025-01-08T21:14:57","modified_gmt":"2025-01-08T20:14:57","slug":"przykladowa-strona","status":"publish","type":"page","link":"https:\/\/samonieslychane.com\/?page_id=2","title":{"rendered":"kontakt"},"content":{"rendered":"\t\t<div data-elementor-type=\"wp-page\" data-elementor-id=\"2\" class=\"elementor elementor-2\">\n\t\t\t\t<div class=\"elementor-element elementor-element-7f86954c e-flex e-con-boxed e-con e-parent\" data-id=\"7f86954c\" data-element_type=\"container\">\n\t\t\t\t\t<div class=\"e-con-inner\">\n\t\t\t\t<div class=\"elementor-element elementor-element-3e944f77 elementor-widget elementor-widget-text-editor\" data-id=\"3e944f77\" data-element_type=\"widget\" data-widget_type=\"text-editor.default\">\n\t\t\t\t<div class=\"elementor-widget-container\">\n\t\t\t\t\t\t\t\t\t\n<p>Dzie\u0144 dobry!<\/p>\n<p>Dzi\u0119kuj\u0119 za odwiedziny na stronie SAMO NIES\u0141YCHANE.<\/p>\n<p>Chcesz pogada\u0107?<\/p>\n<p>Napisz do mnie: szamo@samonieslychane.com<\/p>\n\n<blockquote class=\"wp-block-quote is-layout-flow wp-block-quote-is-layout-flow\"><\/blockquote>\n\t\t\t\t\t\t\t\t<\/div>\n\t\t\t\t<\/div>\n\t\t\t\t\t<\/div>\n\t\t\t\t<\/div>\n\t\t\t\t<\/div>\n\t\t","protected":false},"excerpt":{"rendered":"<p>Dzie\u0144 dobry! Dzi\u0119kuj\u0119 za odwiedziny na stronie SAMO NIES\u0141YCHANE. Chcesz pogada\u0107? Napisz do mnie: szamo@samonieslychane.com<\/p>\n","protected":false},"author":1,"featured_media":0,"parent":0,"menu_order":0,"comment_status":"closed","ping_status":"open","template":"","meta":{"footnotes":""},"class_list":["post-2","page","type-page","status-publish","hentry"],"_links":{"self":[{"href":"https:\/\/samonieslychane.com\/index.php?rest_route=\/wp\/v2\/pages\/2","targetHints":{"allow":["GET"]}}],"collection":[{"href":"https:\/\/samonieslychane.com\/index.php?rest_route=\/wp\/v2\/pages"}],"about":[{"href":"https:\/\/samonieslychane.com\/index.php?rest_route=\/wp\/v2\/types\/page"}],"author":[{"embeddable":true,"href":"https:\/\/samonieslychane.com\/index.php?rest_route=\/wp\/v2\/users\/1"}],"replies":[{"embeddable":true,"href":"https:\/\/samonieslychane.com\/index.php?rest_route=%2Fwp%2Fv2%2Fcomments&post=2"}],"version-history":[{"count":9,"href":"https:\/\/samonieslychane.com\/index.php?rest_route=\/wp\/v2\/pages\/2\/revisions"}],"predecessor-version":[{"id":202,"href":"https:\/\/samonieslychane.com\/index.php?rest_route=\/wp\/v2\/pages\/2\/revisions\/202"}],"wp:attachment":[{"href":"https:\/\/samonieslychane.com\/index.php?rest_route=%2Fwp%2Fv2%2Fmedia&parent=2"}],"curies":[{"name":"wp","href":"https:\/\/api.w.org\/{rel}","templated":true}]}}